{"id":1661,"date":"2025-01-08T13:52:45","date_gmt":"2025-01-08T12:52:45","guid":{"rendered":"https:\/\/ostojamaltanska.pl\/?page_id=1661"},"modified":"2025-03-01T18:55:57","modified_gmt":"2025-03-01T17:55:57","slug":"oferta","status":"publish","type":"page","link":"https:\/\/ostojamaltanska.pl\/de\/oferta\/","title":{"rendered":"Angebot"},"content":{"rendered":"<div data-elementor-type=\"wp-page\" data-elementor-id=\"1661\" class=\"elementor elementor-1661\">\n\t\t\t\t\t\t<section class=\"elementor-section elementor-top-section elementor-element elementor-element-842ee8e elementor-section-height-min-height elementor-section-boxed elementor-section-height-default elementor-section-items-middle\" data-id=\"842ee8e\" data-element_type=\"section\" data-e-type=\"section\" data-settings=\"{&quot;background_background&quot;:&quot;classic&quot;}\">\n\t\t\t\t\t\t\t<div class=\"elementor-background-overlay\"><\/div>\n\t\t\t\t\t\t\t<div class=\"elementor-container elementor-column-gap-no\">\n\t\t\t\t\t<div class=\"elementor-column elementor-col-100 elementor-top-column elementor-element elementor-element-b2961d6\" data-id=\"b2961d6\" data-element_type=\"column\" data-e-type=\"column\">\n\t\t\t<div class=\"elementor-widget-wrap elementor-element-populated\">\n\t\t\t\t\t\t<div class=\"elementor-element elementor-element-08d3532 elementor-widget elementor-widget-heading\" data-id=\"08d3532\" data-element_type=\"widget\" data-e-type=\"widget\" data-widget_type=\"heading.default\">\n\t\t\t\t<div class=\"elementor-widget-container\">\n\t\t\t\t\t<h1 class=\"elementor-heading-title elementor-size-default\">Unser Angebot<\/h1>\t\t\t\t<\/div>\n\t\t\t\t<\/div>\n\t\t\t\t<div class=\"elementor-element elementor-element-6cd9eab elementor-widget elementor-widget-heading\" data-id=\"6cd9eab\" data-element_type=\"widget\" data-e-type=\"widget\" data-widget_type=\"heading.default\">\n\t\t\t\t<div class=\"elementor-widget-container\">\n\t\t\t\t\t<h5 class=\"elementor-heading-title elementor-size-default\">JAHRESHAUS AM MEER<\/h5>\t\t\t\t<\/div>\n\t\t\t\t<\/div>\n\t\t\t\t<div class=\"elementor-element elementor-element-a470cf4 elementor-align-center elementor-widget elementor-widget-button\" data-id=\"a470cf4\" data-element_type=\"widget\" data-e-type=\"widget\" data-widget_type=\"button.default\">\n\t\t\t\t<div class=\"elementor-widget-container\">\n\t\t\t\t\t\t\t\t\t<div class=\"elementor-button-wrapper\">\n\t\t\t\t\t<a class=\"elementor-button elementor-button-link elementor-size-lg\" href=\"#opis\">\n\t\t\t\t\t\t<span class=\"elementor-button-content-wrapper\">\n\t\t\t\t\t\t<span class=\"elementor-button-icon\">\n\t\t\t\t<i aria-hidden=\"true\" class=\"fas fa-long-arrow-alt-right\"><\/i>\t\t\t<\/span>\n\t\t\t\t\t\t\t\t\t<span class=\"elementor-button-text\">mehr lesen<\/span>\n\t\t\t\t\t<\/span>\n\t\t\t\t\t<\/a>\n\t\t\t\t<\/div>\n\t\t\t\t\t\t\t\t<\/div>\n\t\t\t\t<\/div>\n\t\t\t\t\t<\/div>\n\t\t<\/div>\n\t\t\t\t\t<\/div>\n\t\t<\/section>\n\t\t\t\t<section class=\"elementor-section elementor-top-section elementor-element elementor-element-89e8e72 elementor-section-boxed elementor-section-height-default elementor-section-height-default\" data-id=\"89e8e72\" data-element_type=\"section\" data-e-type=\"section\" id=\"opis\">\n\t\t\t\t\t\t<div class=\"elementor-container elementor-column-gap-default\">\n\t\t\t\t\t<div class=\"elementor-column elementor-col-100 elementor-top-column elementor-element elementor-element-b8a22a8\" data-id=\"b8a22a8\" data-element_type=\"column\" data-e-type=\"column\">\n\t\t\t<div class=\"elementor-widget-wrap elementor-element-populated\">\n\t\t\t\t\t\t<div class=\"elementor-element elementor-element-08b2042 elementor-widget elementor-widget-text-editor\" data-id=\"08b2042\" data-element_type=\"widget\" data-e-type=\"widget\" data-widget_type=\"text-editor.default\">\n\t\t\t\t<div class=\"elementor-widget-container\">\n\t\t\t\t\t\t\t\t\t<p>F\u00fcr unsere G\u00e4ste stehen 30 freistehende, komfortabel ausgestattete Ferienh\u00e4user mit hohem Standard zur Verf\u00fcgung. Sie sind in gewissem Abstand zueinander angeordnet und garantieren Privatsph\u00e4re, Ruhe und Erholung fernab vom Trubel.<\/p><p>Die Nutzfl\u00e4che jedes H\u00e4uschens betr\u00e4gt 42 m2. Die H\u00e4uschen sind beheizt, was einen komfortablen Aufenthalt auch au\u00dferhalb der Sommersaison erm\u00f6glicht. Sie sind f\u00fcr 5-6 Personen vorbereitet.<\/p>\t\t\t\t\t\t\t\t<\/div>\n\t\t\t\t<\/div>\n\t\t\t\t<section class=\"elementor-section elementor-inner-section elementor-element elementor-element-1bf89d8 elementor-section-boxed elementor-section-height-default elementor-section-height-default\" data-id=\"1bf89d8\" data-element_type=\"section\" data-e-type=\"section\">\n\t\t\t\t\t\t<div class=\"elementor-container elementor-column-gap-default\">\n\t\t\t\t\t<div class=\"elementor-column elementor-col-50 elementor-inner-column elementor-element elementor-element-2643c8c\" data-id=\"2643c8c\" data-element_type=\"column\" data-e-type=\"column\">\n\t\t\t<div class=\"elementor-widget-wrap elementor-element-populated\">\n\t\t\t\t\t\t<div class=\"elementor-element elementor-element-8f3a8b6 elementor-widget elementor-widget-image\" data-id=\"8f3a8b6\" data-element_type=\"widget\" data-e-type=\"widget\" data-widget_type=\"image.default\">\n\t\t\t\t<div class=\"elementor-widget-container\">\n\t\t\t\t\t\t\t\t\t\t\t\t\t\t\t<img fetchpriority=\"high\" decoding=\"async\" width=\"2200\" height=\"1467\" src=\"https:\/\/ostojamaltanska.pl\/wp-content\/uploads\/2021\/05\/DSC_6944-HDR-1.jpg\" class=\"attachment-full size-full wp-image-886\" alt=\"\" srcset=\"https:\/\/ostojamaltanska.pl\/wp-content\/uploads\/2021\/05\/DSC_6944-HDR-1.jpg 2200w, https:\/\/ostojamaltanska.pl\/wp-content\/uploads\/2021\/05\/DSC_6944-HDR-1-300x200.jpg 300w, https:\/\/ostojamaltanska.pl\/wp-content\/uploads\/2021\/05\/DSC_6944-HDR-1-1024x683.jpg 1024w, https:\/\/ostojamaltanska.pl\/wp-content\/uploads\/2021\/05\/DSC_6944-HDR-1-768x512.jpg 768w, https:\/\/ostojamaltanska.pl\/wp-content\/uploads\/2021\/05\/DSC_6944-HDR-1-1536x1024.jpg 1536w, https:\/\/ostojamaltanska.pl\/wp-content\/uploads\/2021\/05\/DSC_6944-HDR-1-2048x1366.jpg 2048w\" sizes=\"(max-width: 2200px) 100vw, 2200px\" \/>\t\t\t\t\t\t\t\t\t\t\t\t\t\t\t<\/div>\n\t\t\t\t<\/div>\n\t\t\t\t\t<\/div>\n\t\t<\/div>\n\t\t\t\t<div class=\"elementor-column elementor-col-50 elementor-inner-column elementor-element elementor-element-543f9c7\" data-id=\"543f9c7\" data-element_type=\"column\" data-e-type=\"column\">\n\t\t\t<div class=\"elementor-widget-wrap elementor-element-populated\">\n\t\t\t\t\t\t<div class=\"elementor-element elementor-element-c02f3d2 elementor-widget elementor-widget-text-editor\" data-id=\"c02f3d2\" data-element_type=\"widget\" data-e-type=\"widget\" data-widget_type=\"text-editor.default\">\n\t\t\t\t<div class=\"elementor-widget-container\">\n\t\t\t\t\t\t\t\t\t<p><strong>Jedes Haus besteht aus:<\/strong><\/p><ul><li>2 separate Schlafzimmer, die sich in der Anordnung der Betten in den einzelnen H\u00e4usern unterscheiden;<\/li><li>ger\u00e4umiges Wohnzimmer mit K\u00fcchenzeile;<\/li><li>Badezimmer ausgestattet mit Dusche;<\/li><li>Terrasse mit Gartenm\u00f6beln.<\/li><\/ul>\t\t\t\t\t\t\t\t<\/div>\n\t\t\t\t<\/div>\n\t\t\t\t\t<\/div>\n\t\t<\/div>\n\t\t\t\t\t<\/div>\n\t\t<\/section>\n\t\t\t\t<section class=\"elementor-section elementor-inner-section elementor-element elementor-element-e723da4 elementor-section-boxed elementor-section-height-default elementor-section-height-default\" data-id=\"e723da4\" data-element_type=\"section\" data-e-type=\"section\">\n\t\t\t\t\t\t<div class=\"elementor-container elementor-column-gap-default\">\n\t\t\t\t\t<div class=\"elementor-column elementor-col-50 elementor-inner-column elementor-element elementor-element-f5a82e1\" data-id=\"f5a82e1\" data-element_type=\"column\" data-e-type=\"column\">\n\t\t\t<div class=\"elementor-widget-wrap elementor-element-populated\">\n\t\t\t\t\t\t<div class=\"elementor-element elementor-element-0ae0daa elementor-widget elementor-widget-text-editor\" data-id=\"0ae0daa\" data-element_type=\"widget\" data-e-type=\"widget\" data-widget_type=\"text-editor.default\">\n\t\t\t\t<div class=\"elementor-widget-container\">\n\t\t\t\t\t\t\t\t\t<p><strong>Die Ausstattung unserer H\u00fctten besteht aus:<\/strong><\/p><ul><li>elektrische Platte;<\/li><li>Mikrowelle<\/li><li>K\u00fchlschrank<\/li><li>Komplettset von T\u00f6pfen<\/li><li>Tischgedeck und Besteck;<\/li><li>Kaffeemaschine<\/li><li>Wasserkocher<\/li><li>Flachbildfernseher;<\/li><li>Haartrockner;<\/li><li>Bettw\u00e4sche wurde f\u00fcr die reservierte Anzahl von Personen vorbereitet.<\/li><\/ul><p>Auf Wunsch der G\u00e4ste besteht die M\u00f6glichkeit, ein Reisebett, einen Hochstuhl sowie eine Babybadewanne auszuleihen.<\/p><p>Im Bereich des Zentrums gibt es eine W\u00e4scherei, die die G\u00e4ste gegen eine geringe Geb\u00fchr nutzen k\u00f6nnen.<\/p><p>Wir stellen keine Handt\u00fccher zur Verf\u00fcgung.<\/p>\t\t\t\t\t\t\t\t<\/div>\n\t\t\t\t<\/div>\n\t\t\t\t\t<\/div>\n\t\t<\/div>\n\t\t\t\t<div class=\"elementor-column elementor-col-50 elementor-inner-column elementor-element elementor-element-ef2621f\" data-id=\"ef2621f\" data-element_type=\"column\" data-e-type=\"column\">\n\t\t\t<div class=\"elementor-widget-wrap elementor-element-populated\">\n\t\t\t\t\t\t<div class=\"elementor-element elementor-element-1855baa elementor-widget elementor-widget-image\" data-id=\"1855baa\" data-element_type=\"widget\" data-e-type=\"widget\" data-widget_type=\"image.default\">\n\t\t\t\t<div class=\"elementor-widget-container\">\n\t\t\t\t\t\t\t\t\t\t\t\t\t\t\t<img decoding=\"async\" width=\"1920\" height=\"1280\" src=\"https:\/\/ostojamaltanska.pl\/wp-content\/uploads\/2021\/05\/DSC_8948-1.jpg\" class=\"attachment-full size-full wp-image-890\" alt=\"\" srcset=\"https:\/\/ostojamaltanska.pl\/wp-content\/uploads\/2021\/05\/DSC_8948-1.jpg 1920w, https:\/\/ostojamaltanska.pl\/wp-content\/uploads\/2021\/05\/DSC_8948-1-300x200.jpg 300w, https:\/\/ostojamaltanska.pl\/wp-content\/uploads\/2021\/05\/DSC_8948-1-1024x683.jpg 1024w, https:\/\/ostojamaltanska.pl\/wp-content\/uploads\/2021\/05\/DSC_8948-1-768x512.jpg 768w, https:\/\/ostojamaltanska.pl\/wp-content\/uploads\/2021\/05\/DSC_8948-1-1536x1024.jpg 1536w\" sizes=\"(max-width: 1920px) 100vw, 1920px\" \/>\t\t\t\t\t\t\t\t\t\t\t\t\t\t\t<\/div>\n\t\t\t\t<\/div>\n\t\t\t\t\t<\/div>\n\t\t<\/div>\n\t\t\t\t\t<\/div>\n\t\t<\/section>\n\t\t\t\t\t<\/div>\n\t\t<\/div>\n\t\t\t\t\t<\/div>\n\t\t<\/section>\n\t\t\t\t<section class=\"elementor-section elementor-top-section elementor-element elementor-element-11cb629 elementor-section-boxed elementor-section-height-default elementor-section-height-default\" data-id=\"11cb629\" data-element_type=\"section\" data-e-type=\"section\">\n\t\t\t\t\t\t<div class=\"elementor-container elementor-column-gap-default\">\n\t\t\t\t\t<div class=\"elementor-column elementor-col-100 elementor-top-column elementor-element elementor-element-ee74a37\" data-id=\"ee74a37\" data-element_type=\"column\" data-e-type=\"column\">\n\t\t\t<div class=\"elementor-widget-wrap elementor-element-populated\">\n\t\t\t\t\t\t<div class=\"elementor-element elementor-element-f1869f9 elementor-widget-divider--view-line elementor-widget elementor-widget-divider\" data-id=\"f1869f9\" data-element_type=\"widget\" data-e-type=\"widget\" data-widget_type=\"divider.default\">\n\t\t\t\t<div class=\"elementor-widget-container\">\n\t\t\t\t\t\t\t<div class=\"elementor-divider\">\n\t\t\t<span class=\"elementor-divider-separator\">\n\t\t\t\t\t\t<\/span>\n\t\t<\/div>\n\t\t\t\t\t\t<\/div>\n\t\t\t\t<\/div>\n\t\t\t\t<div class=\"elementor-element elementor-element-d9858a6 elementor-widget elementor-widget-heading\" data-id=\"d9858a6\" data-element_type=\"widget\" data-e-type=\"widget\" data-widget_type=\"heading.default\">\n\t\t\t\t<div class=\"elementor-widget-container\">\n\t\t\t\t\t<h3 class=\"elementor-heading-title elementor-size-default\">Preisliste<\/h3>\t\t\t\t<\/div>\n\t\t\t\t<\/div>\n\t\t\t\t<div class=\"elementor-element elementor-element-13c5b82 elementor-widget elementor-widget-text-editor\" data-id=\"13c5b82\" data-element_type=\"widget\" data-e-type=\"widget\" data-widget_type=\"text-editor.default\">\n\t\t\t\t<div class=\"elementor-widget-container\">\n\t\t\t\t\t\t\t\t\t<p><b><u>OFERTA SPECJALNA:<\/u><\/b><\/p><p><b>OSTERN 18-21.04.2025<\/b><\/p><p>Koszt 1 doby pobytu 600 z\u0142\/domek, wyj\u0105tkowe wielkanocne \u015bniadanie w cenie 33 z\u0142\/dziecko, 40 z\u0142\/osoba doros\u0142a<\/p><p><span style=\"text-decoration: underline;\">OSTERAKTION!!!<\/span>\u00a0 Aufenthalt f\u00fcr 4 Personen mit Fr\u00fchst\u00fcck und Abendessen zum Preis von 800 PLN\/Nacht<\/p><p><strong>MAJ\u00d3WKA 30.04 &#8211; 04.05.2025<\/strong><\/p><p>Koszt 1 doby pobytu 600 z\u0142\/domek, \u015bniadanie w cenie 28 z\u0142\/dziecko, 35 z\u0142\/osoba doros\u0142a<\/p><p><strong>FRAUENKIRCHE 18.-22.06.2025<\/strong><\/p><p>Koszt 1 doby pobytu 600 z\u0142\/domek, \u015bniadanie w cenie 28 z\u0142\/dziecko, 35 z\u0142\/osoba doros\u0142a<\/p>\t\t\t\t\t\t\t\t<\/div>\n\t\t\t\t<\/div>\n\t\t\t\t<div class=\"elementor-element elementor-element-5e894b2 elementor-widget elementor-widget-html\" data-id=\"5e894b2\" data-element_type=\"widget\" data-e-type=\"widget\" data-widget_type=\"html.default\">\n\t\t\t\t<div class=\"elementor-widget-container\">\n\t\t\t\t\t\n<table id=\"tablepress-1\" class=\"tablepress tablepress-id-1\" aria-describedby=\"tablepress-1-description\">\n<thead>\n<tr class=\"row-1\">\n\t<th class=\"column-1\">H\u00e4uschen<\/th><th class=\"column-2\">Hochsaison<br \/>\n(6.07 - 20.08.2026)<\/th><th class=\"column-3\">\u00dcbergangssaison<br \/>\n(23.06-05.07 oraz 21.08-31.08.2026)<\/th><th class=\"column-4\">Niedrigsaison<br \/>\n(\u00fcbrige Termine)*<\/th><td class=\"column-5\"><\/td>\n<\/tr>\n<\/thead>\n<tbody class=\"row-striping row-hover\">\n<tr class=\"row-2\">\n\t<td class=\"column-1\">6-Personen-Zimmer ohne Verpflegung pro Nacht*<\/td><td class=\"column-2\">600 z\u0142<\/td><td class=\"column-3\">400 z\u0142<\/td><td class=\"column-4\">300 z\u0142<\/td><td class=\"column-5\"><\/td>\n<\/tr>\n<tr class=\"row-3\">\n\t<td class=\"column-1\">6-Personen-Zimmer mit Fr\u00fchst\u00fcck f\u00fcr 4 Erwachsene** pro Nacht<\/td><td class=\"column-2\">760 z\u0142<\/td><td class=\"column-3\">560 z\u0142<\/td><td class=\"column-4\">460 z\u0142<\/td><td class=\"column-5\"><\/td>\n<\/tr>\n<\/tbody>\n<\/table>\n<span id=\"tablepress-1-description\" class=\"tablepress-table-description tablepress-table-description-id-1\">* Nie dotyczy termin\u00f3w 03-06.04.2026 (Wielkanoc), 30.04-3.05.2026 (Maj\u00f3wka) oraz 04-07.06.2026 (Bo\u017ce Cia\u0142o)<br \/>\n** Der Preis beinhaltet Fr\u00fchst\u00fcck f\u00fcr 4 Personen. Mahlzeiten f\u00fcr zus\u00e4tzliche Personen m\u00fcssen vor Ort bezahlt werden.<\/span>\n<!-- #tablepress-1 from cache -->\t\t\t\t<\/div>\n\t\t\t\t<\/div>\n\t\t\t\t<div class=\"elementor-element elementor-element-ca4ff5b elementor-widget elementor-widget-html\" data-id=\"ca4ff5b\" data-element_type=\"widget\" data-e-type=\"widget\" data-widget_type=\"html.default\">\n\t\t\t\t<div class=\"elementor-widget-container\">\n\t\t\t\t\t\n<table id=\"tablepress-2\" class=\"tablepress tablepress-id-2\" aria-describedby=\"tablepress-2-description\">\n<thead>\n<tr class=\"row-1\">\n\t<th class=\"column-1\">Art der Mahlzeit<\/th><th class=\"column-2\">Erwachsene Person<\/th><th class=\"column-3\">Kind 4-12 Jahre<\/th><th class=\"column-4\">Kind bis 3 Jahre<\/th>\n<\/tr>\n<\/thead>\n<tbody class=\"row-striping row-hover\">\n<tr class=\"row-2\">\n\t<td class=\"column-1\">Fr\u00fchst\u00fcck in Form eines schwedischen Buffets<\/td><td class=\"column-2\">49 z\u0142<\/td><td class=\"column-3\">35 z\u0142<\/td><td class=\"column-4\">kostenlos<\/td>\n<\/tr>\n<\/tbody>\n<\/table>\n<span id=\"tablepress-2-description\" class=\"tablepress-table-description tablepress-table-description-id-2\"><\/span>\n<!-- #tablepress-2 from cache -->\t\t\t\t<\/div>\n\t\t\t\t<\/div>\n\t\t\t\t<div class=\"elementor-element elementor-element-ac2e71a elementor-widget elementor-widget-text-editor\" data-id=\"ac2e71a\" data-element_type=\"widget\" data-e-type=\"widget\" data-widget_type=\"text-editor.default\">\n\t\t\t\t<div class=\"elementor-widget-container\">\n\t\t\t\t\t\t\t\t\t<p><strong>Der Preis beinhaltet:<\/strong><\/p><ul><li>Unterkunft in einem komfortabel ausgestatteten H\u00e4uschen;<\/li><li>drahtloser Internetzugang;***<\/li><li>1 Stellplatz (zus\u00e4tzlicher Stellplatz kostenpflichtig 20 PLN\/Tag);<\/li><li>M\u00f6glichkeit, die Attraktionen auf dem Gel\u00e4nde des Resorts zu nutzen;<\/li><li>Ausleihe verf\u00fcgbarer Kinderzubeh\u00f6r (Reisebett, Badewanne, Hochstuhl \u2013 vorherige Reservierung erforderlich);<\/li><li>MwSt.<\/li><\/ul><p><strong>Die Zahlung f\u00fcr den Aufenthalt ist beim Check-in an der Unterkunft zu leisten.<\/strong><\/p>\t\t\t\t\t\t\t\t<\/div>\n\t\t\t\t<\/div>\n\t\t\t\t\t<\/div>\n\t\t<\/div>\n\t\t\t\t\t<\/div>\n\t\t<\/section>\n\t\t\t\t<section class=\"elementor-section elementor-top-section elementor-element elementor-element-32dbb97 elementor-section-full_width elementor-section-height-default elementor-section-height-default\" data-id=\"32dbb97\" data-element_type=\"section\" data-e-type=\"section\" data-settings=\"{&quot;background_background&quot;:&quot;classic&quot;}\">\n\t\t\t\t\t\t\t<div class=\"elementor-background-overlay\"><\/div>\n\t\t\t\t\t\t\t<div class=\"elementor-container elementor-column-gap-default\">\n\t\t\t\t\t<div class=\"elementor-column elementor-col-100 elementor-top-column elementor-element elementor-element-b069897\" data-id=\"b069897\" data-element_type=\"column\" data-e-type=\"column\">\n\t\t\t<div class=\"elementor-widget-wrap elementor-element-populated\">\n\t\t\t\t\t\t<div class=\"elementor-element elementor-element-873debc elementor-align-center elementor-widget elementor-widget-button\" data-id=\"873debc\" data-element_type=\"widget\" data-e-type=\"widget\" data-widget_type=\"button.default\">\n\t\t\t\t<div class=\"elementor-widget-container\">\n\t\t\t\t\t\t\t\t\t<div class=\"elementor-button-wrapper\">\n\t\t\t\t\t<a class=\"elementor-button elementor-button-link elementor-size-lg\" href=\"\/de\/regulamin-obiektu\/\" target=\"_blank\">\n\t\t\t\t\t\t<span class=\"elementor-button-content-wrapper\">\n\t\t\t\t\t\t<span class=\"elementor-button-icon\">\n\t\t\t\t<i aria-hidden=\"true\" class=\"fas fa-long-arrow-alt-right\"><\/i>\t\t\t<\/span>\n\t\t\t\t\t\t\t\t\t<span class=\"elementor-button-text\">Benutzungsordnung des Objekts<\/span>\n\t\t\t\t\t<\/span>\n\t\t\t\t\t<\/a>\n\t\t\t\t<\/div>\n\t\t\t\t\t\t\t\t<\/div>\n\t\t\t\t<\/div>\n\t\t\t\t<div class=\"elementor-element elementor-element-7f6604c elementor-align-center elementor-widget elementor-widget-button\" data-id=\"7f6604c\" data-element_type=\"widget\" data-e-type=\"widget\" data-widget_type=\"button.default\">\n\t\t\t\t<div class=\"elementor-widget-container\">\n\t\t\t\t\t\t\t\t\t<div class=\"elementor-button-wrapper\">\n\t\t\t\t\t<a class=\"elementor-button elementor-button-link elementor-size-lg\" href=\"https:\/\/ostojamaltanska.pl\/wp-content\/uploads\/2022\/07\/Regulamin-Basenu.pdf\" target=\"_blank\">\n\t\t\t\t\t\t<span class=\"elementor-button-content-wrapper\">\n\t\t\t\t\t\t<span class=\"elementor-button-icon\">\n\t\t\t\t<i aria-hidden=\"true\" class=\"far fa-file-pdf\"><\/i>\t\t\t<\/span>\n\t\t\t\t\t\t\t\t\t<span class=\"elementor-button-text\">Benutzungsordnung des Schwimmbads<\/span>\n\t\t\t\t\t<\/span>\n\t\t\t\t\t<\/a>\n\t\t\t\t<\/div>\n\t\t\t\t\t\t\t\t<\/div>\n\t\t\t\t<\/div>\n\t\t\t\t<div class=\"elementor-element elementor-element-7e55a30 elementor-align-center elementor-widget elementor-widget-button\" data-id=\"7e55a30\" data-element_type=\"widget\" data-e-type=\"widget\" data-widget_type=\"button.default\">\n\t\t\t\t<div class=\"elementor-widget-container\">\n\t\t\t\t\t\t\t\t\t<div class=\"elementor-button-wrapper\">\n\t\t\t\t\t<a class=\"elementor-button elementor-button-link elementor-size-lg\" href=\"https:\/\/ostojamaltanska.pl\/wp-content\/uploads\/2022\/07\/Zasady-korzystania-z-sauny.pdf\" target=\"_blank\">\n\t\t\t\t\t\t<span class=\"elementor-button-content-wrapper\">\n\t\t\t\t\t\t<span class=\"elementor-button-icon\">\n\t\t\t\t<i aria-hidden=\"true\" class=\"far fa-file-pdf\"><\/i>\t\t\t<\/span>\n\t\t\t\t\t\t\t\t\t<span class=\"elementor-button-text\">Nutzungsregeln der Sauna<\/span>\n\t\t\t\t\t<\/span>\n\t\t\t\t\t<\/a>\n\t\t\t\t<\/div>\n\t\t\t\t\t\t\t\t<\/div>\n\t\t\t\t<\/div>\n\t\t\t\t\t<\/div>\n\t\t<\/div>\n\t\t\t\t\t<\/div>\n\t\t<\/section>\n\t\t\t\t<section class=\"elementor-section elementor-top-section elementor-element elementor-element-df6ea3a elementor-section-boxed elementor-section-height-default elementor-section-height-default\" data-id=\"df6ea3a\" data-element_type=\"section\" data-e-type=\"section\">\n\t\t\t\t\t\t<div class=\"elementor-container elementor-column-gap-default\">\n\t\t\t\t\t<div class=\"elementor-column elementor-col-100 elementor-top-column elementor-element elementor-element-3bc898c\" data-id=\"3bc898c\" data-element_type=\"column\" data-e-type=\"column\">\n\t\t\t<div class=\"elementor-widget-wrap elementor-element-populated\">\n\t\t\t\t\t\t<div class=\"elementor-element elementor-element-4713298 elementor-widget elementor-widget-heading\" data-id=\"4713298\" data-element_type=\"widget\" data-e-type=\"widget\" data-widget_type=\"heading.default\">\n\t\t\t\t<div class=\"elementor-widget-container\">\n\t\t\t\t\t<h3 class=\"elementor-heading-title elementor-size-default\">Wichtige Informationen<\/h3>\t\t\t\t<\/div>\n\t\t\t\t<\/div>\n\t\t\t\t<div class=\"elementor-element elementor-element-0f0e90e elementor-widget elementor-widget-text-editor\" data-id=\"0f0e90e\" data-element_type=\"widget\" data-e-type=\"widget\" data-widget_type=\"text-editor.default\">\n\t\t\t\t<div class=\"elementor-widget-container\">\n\t\t\t\t\t\t\t\t\t<p>Bitte lesen Sie vor der Buchung die Allgemeinen Gesch\u00e4ftsbedingungen. Die Buchung gilt als Akzeptanz dieser.<\/p>\n<p>Wir erheben eine einmalige Servicegeb\u00fchr in H\u00f6he von 150 PLN f\u00fcr den gesamten Aufenthalt (die Geb\u00fchr umfasst: Reinigung, Desinfektion, Ozonierung, Auff\u00fcllung von Handdesinfektionsmittel usw.).<\/p>\n<p>Die Hotel\u00fcbernachtung beginnt um 15:00 Uhr und endet um 10:00 Uhr.<\/p>\n<p>Die Basis ist von 9:00 bis 22:00 Uhr ge\u00f6ffnet.<\/p>\n<p>Die Einrichtung erlaubt G\u00e4sten mit Haustieren gegen eine zus\u00e4tzliche Geb\u00fchr von 50 PLN pro Nacht.<\/p>\n<p>Wir informieren Sie, dass wir seit Januar 2021 keine Kurtaxe von unseren G\u00e4sten erheben. Die Geb\u00fchr kann auf das Bankkonto der Gemeinde Postomino in der von der Gemeindevertretung von Postomino festgelegten H\u00f6he gezahlt werden.<\/p>\n<p>*** Der Betreiber haftet nicht f\u00fcr die Qualit\u00e4t des Internetsignals. Dies h\u00e4ngt vom Anbieter ab.<\/p>\n<p><em>Alle im Preisliste angegebenen Informationen stellen kein Angebot im Sinne des B\u00fcrgerlichen Gesetzbuches dar.<\/em><\/p>\t\t\t\t\t\t\t\t<\/div>\n\t\t\t\t<\/div>\n\t\t\t\t\t<\/div>\n\t\t<\/div>\n\t\t\t\t\t<\/div>\n\t\t<\/section>\n\t\t\t\t<\/div>","protected":false},"excerpt":{"rendered":"<p>Nasza oferta CA\u0141OROCZNE DOMKI NAD MORZEM Z BASENEM czytaj wi\u0119cej Do dyspozycji naszych Go\u015bci oddajemy 30 wolnostoj\u0105cych, komfortowo wyposa\u017conych domk\u00f3w letniskowych o wysokim standardzie. Po\u0142o\u017cone w pewnej odleg\u0142o\u015bci od siebie zapewniaj\u0105 prywatno\u015b\u0107, cisz\u0119 i odpoczynek z dala od zgie\u0142ku. Powierzchnia u\u017cytkowa ka\u017cdego domku to 42m2. Domki s\u0105 ogrzewane, co umo\u017cliwia komfortowy wypoczynek tak\u017ce poza sezonem [&hellip;]<\/p>\n","protected":false},"author":1,"featured_media":0,"parent":0,"menu_order":0,"comment_status":"closed","ping_status":"closed","template":"","meta":{"site-sidebar-layout":"no-sidebar","site-content-layout":"page-builder","ast-site-content-layout":"full-width-container","site-content-style":"unboxed","site-sidebar-style":"unboxed","ast-global-header-display":"","ast-banner-title-visibility":"","ast-main-header-display":"","ast-hfb-above-header-display":"","ast-hfb-below-header-display":"","ast-hfb-mobile-header-display":"","site-post-title":"disabled","ast-breadcrumbs-content":"","ast-featured-img":"disabled","footer-sml-layout":"","ast-disable-related-posts":"","theme-transparent-header-meta":"enabled","adv-header-id-meta":"","stick-header-meta":"","header-above-stick-meta":"","header-main-stick-meta":"","header-below-stick-meta":"","astra-migrate-meta-layouts":"set","ast-page-background-enabled":"default","ast-page-background-meta":{"desktop":{"background-color":"","background-image":"","background-repeat":"repeat","background-position":"center center","background-size":"auto","background-attachment":"scroll","background-type":"","background-media":"","overlay-type":"","overlay-color":"","overlay-opacity":"","overlay-gradient":""},"tablet":{"background-color":"","background-image":"","background-repeat":"repeat","background-position":"center center","background-size":"auto","background-attachment":"scroll","background-type":"","background-media":"","overlay-type":"","overlay-color":"","overlay-opacity":"","overlay-gradient":""},"mobile":{"background-color":"","background-image":"","background-repeat":"repeat","background-position":"center center","background-size":"auto","background-attachment":"scroll","background-type":"","background-media":"","overlay-type":"","overlay-color":"","overlay-opacity":"","overlay-gradient":""}},"ast-content-background-meta":{"desktop":{"background-color":"var(--ast-global-color-5)","background-image":"","background-repeat":"repeat","background-position":"center center","background-size":"auto","background-attachment":"scroll","background-type":"","background-media":"","overlay-type":"","overlay-color":"","overlay-opacity":"","overlay-gradient":""},"tablet":{"background-color":"var(--ast-global-color-5)","background-image":"","background-repeat":"repeat","background-position":"center center","background-size":"auto","background-attachment":"scroll","background-type":"","background-media":"","overlay-type":"","overlay-color":"","overlay-opacity":"","overlay-gradient":""},"mobile":{"background-color":"var(--ast-global-color-5)","background-image":"","background-repeat":"repeat","background-position":"center center","background-size":"auto","background-attachment":"scroll","background-type":"","background-media":"","overlay-type":"","overlay-color":"","overlay-opacity":"","overlay-gradient":""}},"footnotes":""},"class_list":["post-1661","page","type-page","status-publish","hentry"],"aioseo_notices":[],"_links":{"self":[{"href":"https:\/\/ostojamaltanska.pl\/de\/wp-json\/wp\/v2\/pages\/1661","targetHints":{"allow":["GET"]}}],"collection":[{"href":"https:\/\/ostojamaltanska.pl\/de\/wp-json\/wp\/v2\/pages"}],"about":[{"href":"https:\/\/ostojamaltanska.pl\/de\/wp-json\/wp\/v2\/types\/page"}],"author":[{"embeddable":true,"href":"https:\/\/ostojamaltanska.pl\/de\/wp-json\/wp\/v2\/users\/1"}],"replies":[{"embeddable":true,"href":"https:\/\/ostojamaltanska.pl\/de\/wp-json\/wp\/v2\/comments?post=1661"}],"version-history":[{"count":3,"href":"https:\/\/ostojamaltanska.pl\/de\/wp-json\/wp\/v2\/pages\/1661\/revisions"}],"predecessor-version":[{"id":1761,"href":"https:\/\/ostojamaltanska.pl\/de\/wp-json\/wp\/v2\/pages\/1661\/revisions\/1761"}],"wp:attachment":[{"href":"https:\/\/ostojamaltanska.pl\/de\/wp-json\/wp\/v2\/media?parent=1661"}],"curies":[{"name":"wp","href":"https:\/\/api.w.org\/{rel}","templated":true}]}}