{"id":1475,"date":"2023-07-13T08:17:41","date_gmt":"2023-07-13T06:17:41","guid":{"rendered":"https:\/\/ostojamaltanska.pl\/?page_id=1475"},"modified":"2024-02-02T17:35:27","modified_gmt":"2024-02-02T16:35:27","slug":"regulamin-obiektu","status":"publish","type":"page","link":"https:\/\/ostojamaltanska.pl\/de\/regulamin-obiektu\/","title":{"rendered":"Benutzungsordnung des Objekts"},"content":{"rendered":"<div data-elementor-type=\"wp-page\" data-elementor-id=\"1475\" class=\"elementor elementor-1475\">\n\t\t\t\t\t\t<section class=\"elementor-section elementor-top-section elementor-element elementor-element-671bf34 elementor-section-height-min-height elementor-section-boxed elementor-section-height-default elementor-section-items-middle\" data-id=\"671bf34\" data-element_type=\"section\" data-e-type=\"section\" data-settings=\"{&quot;background_background&quot;:&quot;classic&quot;}\">\n\t\t\t\t\t\t\t<div class=\"elementor-background-overlay\"><\/div>\n\t\t\t\t\t\t\t<div class=\"elementor-container elementor-column-gap-no\">\n\t\t\t\t\t<div class=\"elementor-column elementor-col-100 elementor-top-column elementor-element elementor-element-dbaec65\" data-id=\"dbaec65\" data-element_type=\"column\" data-e-type=\"column\">\n\t\t\t<div class=\"elementor-widget-wrap elementor-element-populated\">\n\t\t\t\t\t\t<div class=\"elementor-element elementor-element-541ba05 elementor-widget elementor-widget-heading\" data-id=\"541ba05\" data-element_type=\"widget\" data-e-type=\"widget\" data-widget_type=\"heading.default\">\n\t\t\t\t<div class=\"elementor-widget-container\">\n\t\t\t\t\t<h1 class=\"elementor-heading-title elementor-size-default\">Benutzungsordnung des Objekts<\/h1>\t\t\t\t<\/div>\n\t\t\t\t<\/div>\n\t\t\t\t<div class=\"elementor-element elementor-element-49cfa57 elementor-widget elementor-widget-heading\" data-id=\"49cfa57\" data-element_type=\"widget\" data-e-type=\"widget\" data-widget_type=\"heading.default\">\n\t\t\t\t<div class=\"elementor-widget-container\">\n\t\t\t\t\t<h5 class=\"elementor-heading-title elementor-size-default\">WCZASY W DOMKACH NAD MORZEM<\/h5>\t\t\t\t<\/div>\n\t\t\t\t<\/div>\n\t\t\t\t<div class=\"elementor-element elementor-element-64e0329 elementor-align-center elementor-widget elementor-widget-button\" data-id=\"64e0329\" data-element_type=\"widget\" data-e-type=\"widget\" data-widget_type=\"button.default\">\n\t\t\t\t<div class=\"elementor-widget-container\">\n\t\t\t\t\t\t\t\t\t<div class=\"elementor-button-wrapper\">\n\t\t\t\t\t<a class=\"elementor-button elementor-button-link elementor-size-lg\" href=\"#regulamin\">\n\t\t\t\t\t\t<span class=\"elementor-button-content-wrapper\">\n\t\t\t\t\t\t<span class=\"elementor-button-icon\">\n\t\t\t\t<i aria-hidden=\"true\" class=\"fas fa-long-arrow-alt-right\"><\/i>\t\t\t<\/span>\n\t\t\t\t\t\t\t\t\t<span class=\"elementor-button-text\">mehr lesen<\/span>\n\t\t\t\t\t<\/span>\n\t\t\t\t\t<\/a>\n\t\t\t\t<\/div>\n\t\t\t\t\t\t\t\t<\/div>\n\t\t\t\t<\/div>\n\t\t\t\t\t<\/div>\n\t\t<\/div>\n\t\t\t\t\t<\/div>\n\t\t<\/section>\n\t\t\t\t<section class=\"elementor-section elementor-top-section elementor-element elementor-element-bc2334d elementor-section-boxed elementor-section-height-default elementor-section-height-default\" data-id=\"bc2334d\" data-element_type=\"section\" data-e-type=\"section\" id=\"regulamin\">\n\t\t\t\t\t\t<div class=\"elementor-container elementor-column-gap-default\">\n\t\t\t\t\t<div class=\"elementor-column elementor-col-100 elementor-top-column elementor-element elementor-element-95cc681\" data-id=\"95cc681\" data-element_type=\"column\" data-e-type=\"column\">\n\t\t\t<div class=\"elementor-widget-wrap elementor-element-populated\">\n\t\t\t\t\t\t<div class=\"elementor-element elementor-element-9a193d2 elementor-widget elementor-widget-text-editor\" data-id=\"9a193d2\" data-element_type=\"widget\" data-e-type=\"widget\" data-widget_type=\"text-editor.default\">\n\t\t\t\t<div class=\"elementor-widget-container\">\n\t\t\t\t\t\t\t\t\t<h3>Regulamin pobytu dla Go\u015bci wynajmuj\u0105cych domki letniskowe w o\u015brodku \u201eOstoja Malta\u0144ska\u201d w Jezierzanach<\/h3>\n<ol>\n<li>Go\u015bcie korzystaj\u0105cy z nocleg\u00f3w w domkach zobowi\u0105zani s\u0105 do zapoznania si\u0119 z regulaminem pobytu oraz jego przestrzeganiem.<\/li>\n<li>Pomieszczenia mieszkalne w o\u015brodku zwane dalej &#8222;domkami&#8221; wynajmowane s\u0105 na doby. Doba hotelowa zaczyna si\u0119 o godzinie 15:00 a ko\u0144czy si\u0119 o godzinie 10:00. Zmiana godzin mo\u017cliwa jest wy\u0142\u0105cznie po wcze\u015bniejszym uzgodnieniu z personelem w miar\u0119 dost\u0119pno\u015bci miejsc noclegowych.<\/li>\n<li>Najmuj\u0105c domek go\u015b\u0107 okre\u015bla czas swego pobytu, a w przypadku braku takiego okre\u015blenia przyjmuje si\u0119, \u017ce domek zosta\u0142 wynaj\u0119ty na jedn\u0105 dob\u0119.<\/li>\n<li>\u017byczenie przed\u0142u\u017cenia pobytu poza okres wskazany w dniu przybycia, go\u015b\u0107 hotelowy powinien zg\u0142osi\u0107 pracownikowi o\u015brodka, do godziny 10:00 dnia, w kt\u00f3rym up\u0142ywa termin najmu domku, co jednak nie wi\u0105\u017ce o\u015brodka.<\/li>\n<li>O\u015brodek nie mo\u017ce uwzgl\u0119dni\u0107 \u017cyczenia przed\u0142u\u017cenia najmu domku w przypadku braku wolnych miejsc.<\/li>\n<li>P\u0142atno\u015b\u0107 za pobyt pobierana jest got\u00f3wk\u0105 lub przelewem na konto w dniu przyjazdu i nie podlega zwrotowi w przypadku skr\u00f3cenia pobytu.<\/li>\n<li>Warunkiem pe\u0142nej rezerwacji jest wp\u0142acenie zaliczki w wysoko\u015bci 30% koszt\u00f3w pobytu w terminie 7 dni od rezerwacji telefonicznej lub mailowej.<\/li>\n<li>Dokonanie rezerwacji jest r\u00f3wnoznaczne z zapoznaniem si\u0119 i akceptacj\u0105 regulaminu o\u015brodka.<\/li>\n<li>Dodatkowo jest pobierana jednorazowa op\u0142ata serwisowa w wysoko\u015bci 150 z\u0142 za pobyt za domek. Op\u0142ata obejmuje sprz\u0105tanie, ozonowanie, dezynfekcj\u0119, itp.<\/li>\n<li>Samochody nale\u017cy parkowa\u0107 wy\u0142\u0105cznie w miejscach wyznaczonych do tego celu.<\/li>\n<li>Parking dla naszych go\u015bci jest bezp\u0142atny (przewidziano 1 miejsce parkingowe na domek). Dodatkowe miejsce postojowe p\u0142atne 20 z\u0142\/dob\u0119.<\/li>\n<li>Parking jest niestrze\u017cony, o\u015bwietlony i ogrodzony.<\/li>\n<li>O\u015brodek zobowi\u0105zany jest zapewni\u0107:<br>&#8211; Warunki do pe\u0142nego wypoczynku go\u015bcia, a w szczeg\u00f3lno\u015bci przez nie wykonywanie bez zgody go\u015bcia jakichkolwiek czynno\u015bci w domku (np. sprz\u0105tanie, naprawa urz\u0105dze\u0144 itp.).<\/li>\n<li>O\u015brodek zobowi\u0105zany jest:<br>&#8211; Bezzw\u0142ocznie reagowa\u0107 na zg\u0142aszane uwagi i zastrze\u017cenia odno\u015bnie poziomu us\u0142ug, funkcjonowania urz\u0105dze\u0144 oraz czysto\u015bci i porz\u0105dku, przez podj\u0119cie czynno\u015bci maj\u0105cych na celu natychmiastowe usuni\u0119cie usterek i brak\u00f3w.<br>&#8211; Go\u015bci prosimy o zg\u0142aszanie usterek lub niedopatrze\u0144 w dniu przyjazdu. W przypadku niezg\u0142oszenia a stwierdzenia usterki, szkody lub braku wyposa\u017cenia, zostanie pobrana op\u0142ata w wysoko\u015bci warto\u015bci szkody.<\/li>\n<li>O\u015brodek nie ponosi odpowiedzialno\u015bci za pozostawione w domkach mienie oraz parkuj\u0105ce samochody. Prosimy o zachowanie nale\u017cytej staranno\u015bci zwi\u0105zanej z zamykaniem okien i drzwi w momencie opuszczania domku.<\/li>\n<li>O\u015brodek nie odpowiada za niedogodno\u015bci spowodowane z przyczyn od niego niezale\u017cnych, np. przerwy w dostawie pr\u0105du, wody, internetu lub usterek spowodowanych dzia\u0142aniem wiatru, deszczu itp.<\/li>\n<li>Przekazanie i oddanie domku nast\u0119puje w obecno\u015bci personelu o\u015brodka, po uprzednim dokonaniu zap\u0142aty za okres obj\u0119ty rezerwacj\u0105.<\/li>\n<li>Go\u015b\u0107 nie ma prawa podnajmowa\u0107 w trakcie pobytu lub przekazywa\u0107 zwalnianego przez siebie domku innym osobom, nawet je\u015bli nie up\u0142yn\u0105\u0142 okres, za kt\u00f3ry ui\u015bci\u0142 nale\u017cn\u0105 op\u0142at\u0119. W przypadku niezastosowania si\u0119 do powy\u017cszego punktu odm\u00f3wimy \u015bwiadczenia us\u0142ug osobom naruszaj\u0105cym t\u0119 zasad\u0119 oraz pobierzemy op\u0142at\u0119 w wysoko\u015bci 500 z\u0142 za jej naruszenie.<\/li>\n<li>Osoby niezameldowane w obiekcie nie mog\u0105 przebywa\u0107 na terenie o\u015brodka od godziny 23:00 do 7:00 dnia nast\u0119pnego.<\/li>\n<li>W o\u015brodku nale\u017cy zachowa\u0107 cisz\u0119 od godziny 23:00 do 7:00 dnia nast\u0119pnego.<\/li>\n<li>Po godz. 23:00 prosimy o \u015bciszenie muzyki oraz zachowanie nie przeszkadzaj\u0105ce pozosta\u0142ym go\u015bciom.<\/li>\n<li>Zachowanie Go\u015bci korzystaj\u0105cych z noclegu nie powinno zak\u0142\u00f3ca\u0107 spokojnego pobytu innych Go\u015bci. Mo\u017cemy odm\u00f3wi\u0107 \u015bwiadczenia us\u0142ug osobom naruszaj\u0105cym t\u0119 zasad\u0119.<\/li>\n<li>Zastrzegamy sobie prawo do odmowy zakwaterowania osobom b\u0119d\u0105cym pod wp\u0142ywem alkoholu lub \u015brodk\u00f3w odurzaj\u0105cych.<\/li>\n<li>Na czas pobytu wydawany jest 1 komplet kluczy. W przypadku zgubienia klucza do domku, go\u015b\u0107 zobowi\u0105zany jest do uiszczenia op\u0142aty w wysoko\u015bci 50 z\u0142.<\/li>\n<li>Die Einrichtung erlaubt G\u00e4sten mit Haustieren gegen eine zus\u00e4tzliche Geb\u00fchr von 50 PLN pro Nacht.<\/li>\n<li>Prosimy o wynoszenie \u015bmieci z domk\u00f3w do kontener\u00f3w na terenie o\u015brodka.<\/li>\n<li>Zabrania si\u0119 wystawiania mebli z domku na zewn\u0105trz. Prosimy o korzystanie wy\u0142\u0105cznie z mebli tarasowych.<\/li>\n<li>Go\u015b\u0107 ponosi odpowiedzialno\u015bci materialn\u0105 za wszelkiego rodzaju uszkodzenia lub zniszczenia przedmiot\u00f3w wyposa\u017cenia i urz\u0105dze\u0144 technicznych o\u015brodka powsta\u0142e z jego winy lub z winy odwiedzaj\u0105cych. Za szkody wyrz\u0105dzone przez dzieci odpowiadaj\u0105 rodzice lub opiekunowie.<\/li>\n<li>Rodzice i opiekunowie zobowi\u0105zani s\u0105 do opieki nad dzie\u0107mi w czasie pobytu na terenie o\u015brodka.<\/li>\n<li>W o\u015brodku obowi\u0105zuje ca\u0142kowity zakaz palenia, jest ono dozwolone jedynie na zewn\u0105trz. Za palenie w domku przewidziana jest kara w wysoko\u015bci 500 z\u0142.<\/li>\n<li>Ze wzgl\u0119du na bezpiecze\u0144stwo przeciwpo\u017carowe zabrania si\u0119 u\u017cywania otwartego ognia oraz urz\u0105dze\u0144 nie stanowi\u0105cych sta\u0142ego wyposa\u017cenia domku.<\/li>\n<li>Z\u0142amanie tego zakazu, stwierdzone przez personel, mo\u017ce skutkowa\u0107 dop\u0142at\u0105 w kwocie 500 z\u0142.<\/li>\n<li>Zabrania si\u0119 palenia grilla na tarasach i w bezpo\u015brednim s\u0105siedztwie domku. Przeznaczone s\u0105 do tego wyznaczone miejsca.<\/li>\n<li>Post\u0119powanie w przypadku po\u017caru. W przypadku zauwa\u017cenia ognia lub dymu:<br>I. Natychmiast zawiadomi\u0107 recepcj\u0119 tel. 570464746 lub 602852726<br>II. Stosowa\u0107 si\u0119 do polece\u0144 personelu<br>III. W przypadku ewakuacji korzysta\u0107 z oznaczonych dr\u00f3g przeciwpo\u017carowych<br>Przestrzega\u0107 przepis\u00f3w ppo\u017c. zgodnie z obowi\u0105zuj\u0105cymi przepisami w kraju.<br>Telefony alarmowe<br>POGOTOWIE RATUNKOWE: 999 lub 112<br>STRA\u017b PO\u017bARNA: 998 lub 112<br>POLICJA: 997 lub 112<br>RECEPCJA: 570464746 lub 602852726<\/li>\n<li>O\u015brodek zastrzega sobie prawo do zmiany cen bez uprzedniego powiadomienia.<\/li>\n<li>W sprawach nieuregulowanych zastosowanie maj\u0105 przepisy Kodeksu Cywilnego.<\/li>\n<\/ol>\n<h3>Dzi\u0119kujemy za wsp\u00f3\u0142prac\u0119 i \u017cyczymy udanego wypoczynku.<br>Ostoja Malta\u0144ska<\/h3>\t\t\t\t\t\t\t\t<\/div>\n\t\t\t\t<\/div>\n\t\t\t\t\t<\/div>\n\t\t<\/div>\n\t\t\t\t\t<\/div>\n\t\t<\/section>\n\t\t\t\t<\/div>","protected":false},"excerpt":{"rendered":"<p>Regulamin obiektu WCZASY W DOMKACH NAD MORZEM czytaj wi\u0119cej Regulamin pobytu dla Go\u015bci wynajmuj\u0105cych domki letniskowe w o\u015brodku \u201eOstoja Malta\u0144ska\u201d w Jezierzanach Go\u015bcie korzystaj\u0105cy z nocleg\u00f3w w domkach zobowi\u0105zani s\u0105 do zapoznania si\u0119 z regulaminem pobytu oraz jego przestrzeganiem. Pomieszczenia mieszkalne w o\u015brodku zwane dalej &#8222;domkami&#8221; wynajmowane s\u0105 na doby. Doba hotelowa zaczyna si\u0119 o [&hellip;]<\/p>\n","protected":false},"author":1,"featured_media":0,"parent":0,"menu_order":0,"comment_status":"closed","ping_status":"closed","template":"","meta":{"site-sidebar-layout":"no-sidebar","site-content-layout":"page-builder","ast-site-content-layout":"full-width-container","site-content-style":"unboxed","site-sidebar-style":"unboxed","ast-global-header-display":"","ast-banner-title-visibility":"","ast-main-header-display":"","ast-hfb-above-header-display":"","ast-hfb-below-header-display":"","ast-hfb-mobile-header-display":"","site-post-title":"disabled","ast-breadcrumbs-content":"","ast-featured-img":"disabled","footer-sml-layout":"","ast-disable-related-posts":"","theme-transparent-header-meta":"enabled","adv-header-id-meta":"","stick-header-meta":"","header-above-stick-meta":"","header-main-stick-meta":"","header-below-stick-meta":"","astra-migrate-meta-layouts":"set","ast-page-background-enabled":"default","ast-page-background-meta":{"desktop":{"background-color":"","background-image":"","background-repeat":"repeat","background-position":"center center","background-size":"auto","background-attachment":"scroll","background-type":"","background-media":"","overlay-type":"","overlay-color":"","overlay-opacity":"","overlay-gradient":""},"tablet":{"background-color":"","background-image":"","background-repeat":"repeat","background-position":"center center","background-size":"auto","background-attachment":"scroll","background-type":"","background-media":"","overlay-type":"","overlay-color":"","overlay-opacity":"","overlay-gradient":""},"mobile":{"background-color":"","background-image":"","background-repeat":"repeat","background-position":"center center","background-size":"auto","background-attachment":"scroll","background-type":"","background-media":"","overlay-type":"","overlay-color":"","overlay-opacity":"","overlay-gradient":""}},"ast-content-background-meta":{"desktop":{"background-color":"var(--ast-global-color-5)","background-image":"","background-repeat":"repeat","background-position":"center center","background-size":"auto","background-attachment":"scroll","background-type":"","background-media":"","overlay-type":"","overlay-color":"","overlay-opacity":"","overlay-gradient":""},"tablet":{"background-color":"var(--ast-global-color-5)","background-image":"","background-repeat":"repeat","background-position":"center center","background-size":"auto","background-attachment":"scroll","background-type":"","background-media":"","overlay-type":"","overlay-color":"","overlay-opacity":"","overlay-gradient":""},"mobile":{"background-color":"var(--ast-global-color-5)","background-image":"","background-repeat":"repeat","background-position":"center center","background-size":"auto","background-attachment":"scroll","background-type":"","background-media":"","overlay-type":"","overlay-color":"","overlay-opacity":"","overlay-gradient":""}},"footnotes":""},"class_list":["post-1475","page","type-page","status-publish","hentry"],"aioseo_notices":[],"_links":{"self":[{"href":"https:\/\/ostojamaltanska.pl\/de\/wp-json\/wp\/v2\/pages\/1475","targetHints":{"allow":["GET"]}}],"collection":[{"href":"https:\/\/ostojamaltanska.pl\/de\/wp-json\/wp\/v2\/pages"}],"about":[{"href":"https:\/\/ostojamaltanska.pl\/de\/wp-json\/wp\/v2\/types\/page"}],"author":[{"embeddable":true,"href":"https:\/\/ostojamaltanska.pl\/de\/wp-json\/wp\/v2\/users\/1"}],"replies":[{"embeddable":true,"href":"https:\/\/ostojamaltanska.pl\/de\/wp-json\/wp\/v2\/comments?post=1475"}],"version-history":[{"count":3,"href":"https:\/\/ostojamaltanska.pl\/de\/wp-json\/wp\/v2\/pages\/1475\/revisions"}],"predecessor-version":[{"id":1569,"href":"https:\/\/ostojamaltanska.pl\/de\/wp-json\/wp\/v2\/pages\/1475\/revisions\/1569"}],"wp:attachment":[{"href":"https:\/\/ostojamaltanska.pl\/de\/wp-json\/wp\/v2\/media?parent=1475"}],"curies":[{"name":"wp","href":"https:\/\/api.w.org\/{rel}","templated":true}]}}