{"id":1138,"date":"2021-10-14T20:00:11","date_gmt":"2021-10-14T18:00:11","guid":{"rendered":"https:\/\/ostojamaltanska.pl\/?page_id=1138"},"modified":"2023-04-25T09:40:42","modified_gmt":"2023-04-25T07:40:42","slug":"fundusze-ue","status":"publish","type":"page","link":"https:\/\/ostojamaltanska.pl\/de\/fundusze-ue\/","title":{"rendered":"EU-Fonds"},"content":{"rendered":"<div data-elementor-type=\"wp-page\" data-elementor-id=\"1138\" class=\"elementor elementor-1138\">\n\t\t\t\t\t\t<section class=\"elementor-section elementor-top-section elementor-element elementor-element-24d55cb elementor-section-height-min-height elementor-section-boxed elementor-section-height-default elementor-section-items-middle\" data-id=\"24d55cb\" data-element_type=\"section\" data-e-type=\"section\" data-settings=\"{&quot;background_background&quot;:&quot;classic&quot;}\">\n\t\t\t\t\t\t<div class=\"elementor-container elementor-column-gap-default\">\n\t\t\t\t\t<div class=\"elementor-column elementor-col-100 elementor-top-column elementor-element elementor-element-0ff6eea\" data-id=\"0ff6eea\" data-element_type=\"column\" data-e-type=\"column\">\n\t\t\t<div class=\"elementor-widget-wrap elementor-element-populated\">\n\t\t\t\t\t\t<div class=\"elementor-element elementor-element-bd68b84 elementor-widget elementor-widget-heading\" data-id=\"bd68b84\" data-element_type=\"widget\" data-e-type=\"widget\" data-widget_type=\"heading.default\">\n\t\t\t\t<div class=\"elementor-widget-container\">\n\t\t\t\t\t<h1 class=\"elementor-heading-title elementor-size-default\">Fundusze Europejskie<\/h1>\t\t\t\t<\/div>\n\t\t\t\t<\/div>\n\t\t\t\t<div class=\"elementor-element elementor-element-a9ba856 elementor-align-center elementor-widget elementor-widget-button\" data-id=\"a9ba856\" data-element_type=\"widget\" data-e-type=\"widget\" data-widget_type=\"button.default\">\n\t\t\t\t<div class=\"elementor-widget-container\">\n\t\t\t\t\t\t\t\t\t<div class=\"elementor-button-wrapper\">\n\t\t\t\t\t<a class=\"elementor-button elementor-button-link elementor-size-lg\" href=\"#fundusze_ue\">\n\t\t\t\t\t\t<span class=\"elementor-button-content-wrapper\">\n\t\t\t\t\t\t<span class=\"elementor-button-icon\">\n\t\t\t\t<i aria-hidden=\"true\" class=\"fas fa-long-arrow-alt-right\"><\/i>\t\t\t<\/span>\n\t\t\t\t\t\t\t\t\t<span class=\"elementor-button-text\">mehr lesen<\/span>\n\t\t\t\t\t<\/span>\n\t\t\t\t\t<\/a>\n\t\t\t\t<\/div>\n\t\t\t\t\t\t\t\t<\/div>\n\t\t\t\t<\/div>\n\t\t\t\t\t<\/div>\n\t\t<\/div>\n\t\t\t\t\t<\/div>\n\t\t<\/section>\n\t\t\t\t<section class=\"elementor-section elementor-top-section elementor-element elementor-element-31d0586 elementor-section-boxed elementor-section-height-default elementor-section-height-default\" data-id=\"31d0586\" data-element_type=\"section\" data-e-type=\"section\" id=\"fundusze_ue\">\n\t\t\t\t\t\t<div class=\"elementor-container elementor-column-gap-default\">\n\t\t\t\t\t<div class=\"elementor-column elementor-col-100 elementor-top-column elementor-element elementor-element-abc8b64\" data-id=\"abc8b64\" data-element_type=\"column\" data-e-type=\"column\">\n\t\t\t<div class=\"elementor-widget-wrap elementor-element-populated\">\n\t\t\t\t\t\t<div class=\"elementor-element elementor-element-21954e3 elementor-widget elementor-widget-heading\" data-id=\"21954e3\" data-element_type=\"widget\" data-e-type=\"widget\" data-widget_type=\"heading.default\">\n\t\t\t\t<div class=\"elementor-widget-container\">\n\t\t\t\t\t<h4 class=\"elementor-heading-title elementor-size-default\">UATRAKCYJNIENIE OFERTY TURYSTYCZNEJ OSTOJA MALTA\u0143SKA \u2013 BUDOWA OBIEKTU GASTRONOMICZNEGO<\/h4>\t\t\t\t<\/div>\n\t\t\t\t<\/div>\n\t\t\t\t<div class=\"elementor-element elementor-element-8a3bdde elementor-widget elementor-widget-html\" data-id=\"8a3bdde\" data-element_type=\"widget\" data-e-type=\"widget\" data-widget_type=\"html.default\">\n\t\t\t\t<div class=\"elementor-widget-container\">\n\t\t\t\t\t<p>\n    Pliki do pobrania:<br>\n    <a href=\"https:\/\/ostojamaltanska.pl\/wp-content\/uploads\/2021\/10\/ogloszenie.pdf\" target=\"_blank\">Og\u0142oszenie o zam\u00f3wieniu<\/a><br\/>\n    <a href=\"https:\/\/ostojamaltanska.pl\/wp-content\/uploads\/2021\/10\/Umowa-zal.-do-ogloszenia.pdf\" target=\"_blank\">Umowa<\/a><br\/>\n    <a href=\"https:\/\/ostojamaltanska.pl\/wp-content\/uploads\/2021\/10\/przedmiar-prac.pdf\" target=\"_blank\">Przedmiar prac<\/a><br\/>\n    <a href=\"https:\/\/ostojamaltanska.pl\/wp-content\/uploads\/2021\/10\/Zalacznik-nr-1-do-Ogloszenia.pdf\" target=\"_blank\">Za\u0142\u0105cznik nr 1 - formularz ofertowy<\/a><br\/>\n    <a href=\"https:\/\/ostojamaltanska.pl\/wp-content\/uploads\/2021\/10\/Zal.-nr-2-wykaz-uslug.pdf\" target=\"_blank\">Za\u0142\u0105cznik nr 2 - wykaz us\u0142ug<\/a><br\/>\n    <a href=\"https:\/\/ostojamaltanska.pl\/wp-content\/uploads\/2022\/09\/projekt-budowlany.pdf\" target=\"_blank\">Projekt budowlany<\/a><br\/>\n    <a href=\"https:\/\/ostojamaltanska.pl\/wp-content\/uploads\/2021\/10\/Klauzula-RODO-zal.-do-ogloszenia.pdf\" target=\"_blank\">Klauzula RODO<\/a><br\/>\n    <a href=\"https:\/\/ostojamaltanska.pl\/wp-content\/uploads\/2022\/11\/protokol-postepowania_27102022_141234.pdf\" target=\"_blank\">Protok\u00f3\u0142 post\u0119powania<\/a><br\/>\n<\/p>\t\t\t\t<\/div>\n\t\t\t\t<\/div>\n\t\t\t\t<div class=\"elementor-element elementor-element-864314b elementor-widget elementor-widget-image\" data-id=\"864314b\" data-element_type=\"widget\" data-e-type=\"widget\" data-widget_type=\"image.default\">\n\t\t\t\t<div class=\"elementor-widget-container\">\n\t\t\t\t\t\t\t\t\t\t\t\t\t\t\t<img fetchpriority=\"high\" decoding=\"async\" width=\"2500\" height=\"1681\" src=\"https:\/\/ostojamaltanska.pl\/wp-content\/uploads\/2022\/09\/tablica-informacyjna.jpg\" class=\"attachment-full size-full wp-image-1377\" alt=\"\" srcset=\"https:\/\/ostojamaltanska.pl\/wp-content\/uploads\/2022\/09\/tablica-informacyjna.jpg 2500w, https:\/\/ostojamaltanska.pl\/wp-content\/uploads\/2022\/09\/tablica-informacyjna-300x202.jpg 300w, https:\/\/ostojamaltanska.pl\/wp-content\/uploads\/2022\/09\/tablica-informacyjna-1024x689.jpg 1024w, https:\/\/ostojamaltanska.pl\/wp-content\/uploads\/2022\/09\/tablica-informacyjna-768x516.jpg 768w, https:\/\/ostojamaltanska.pl\/wp-content\/uploads\/2022\/09\/tablica-informacyjna-1536x1033.jpg 1536w, https:\/\/ostojamaltanska.pl\/wp-content\/uploads\/2022\/09\/tablica-informacyjna-2048x1377.jpg 2048w\" sizes=\"(max-width: 2500px) 100vw, 2500px\" \/>\t\t\t\t\t\t\t\t\t\t\t\t\t\t\t<\/div>\n\t\t\t\t<\/div>\n\t\t\t\t<div class=\"elementor-element elementor-element-67a0cc3 elementor-widget-divider--view-line elementor-widget elementor-widget-divider\" data-id=\"67a0cc3\" data-element_type=\"widget\" data-e-type=\"widget\" data-widget_type=\"divider.default\">\n\t\t\t\t<div class=\"elementor-widget-container\">\n\t\t\t\t\t\t\t<div class=\"elementor-divider\">\n\t\t\t<span class=\"elementor-divider-separator\">\n\t\t\t\t\t\t<\/span>\n\t\t<\/div>\n\t\t\t\t\t\t<\/div>\n\t\t\t\t<\/div>\n\t\t\t\t\t<\/div>\n\t\t<\/div>\n\t\t\t\t\t<\/div>\n\t\t<\/section>\n\t\t\t\t<section class=\"elementor-section elementor-top-section elementor-element elementor-element-ef4a5c1 elementor-section-boxed elementor-section-height-default elementor-section-height-default\" data-id=\"ef4a5c1\" data-element_type=\"section\" data-e-type=\"section\">\n\t\t\t\t\t\t<div class=\"elementor-container elementor-column-gap-default\">\n\t\t\t\t\t<div class=\"elementor-column elementor-col-100 elementor-top-column elementor-element elementor-element-8b85634\" data-id=\"8b85634\" data-element_type=\"column\" data-e-type=\"column\">\n\t\t\t<div class=\"elementor-widget-wrap elementor-element-populated\">\n\t\t\t\t\t\t<div class=\"elementor-element elementor-element-866c134 elementor-widget elementor-widget-heading\" data-id=\"866c134\" data-element_type=\"widget\" data-e-type=\"widget\" data-widget_type=\"heading.default\">\n\t\t\t\t<div class=\"elementor-widget-container\">\n\t\t\t\t\t<h4 class=\"elementor-heading-title elementor-size-default\">UATRAKCYJNIENIE OFERTY TURYSTYCZNEJ OSTOJA MALTA\u0143SKA \u2013 ZADASZENIE BASENU WRAZ Z POMP\u0104 CIEP\u0141A<\/h4>\t\t\t\t<\/div>\n\t\t\t\t<\/div>\n\t\t\t\t<div class=\"elementor-element elementor-element-d18d477 elementor-widget elementor-widget-text-editor\" data-id=\"d18d477\" data-element_type=\"widget\" data-e-type=\"widget\" data-widget_type=\"text-editor.default\">\n\t\t\t\t<div class=\"elementor-widget-container\">\n\t\t\t\t\t\t\t\t\t<p>Post\u0119powanie jest prowadzone zgodnie z zasadami zapytania ofertowego z zachowaniem zasady konkurencyjno\u015bci, r\u00f3wnego traktowania Wykonawc\u00f3w, jawno\u015bci przejrzysto\u015bci oraz celowego racjonalnego i oszcz\u0119dnego wydatkowania \u015brodk\u00f3w publicznych. Warto\u015b\u0107 szacunkowa zam\u00f3wienia wynosi poni\u017cej kwoty prog\u00f3w unijnych w rozumieniu art.3 ustawy z dnia 11 wrze\u015bnia 2019 r. Prawo Zam\u00f3wie\u0144 Publicznych (tekst jednolity: Dz. U. z 2021 poz. 1129).<\/p><p>Przedmiotem zam\u00f3wienia jest realizacja projektu wsp\u00f3\u0142finansowanego w ramach Regionalnego Programu Operacyjnego Wojew\u00f3dztwa Zachodniopomorskiego 2014-2020 O\u015b Priorytetowa 1 \u201eGospodarka, Innowacje, Nowoczesne Technologie\u201d Dzia\u0142anie 1.5 Inwestycje przedsi\u0119biorstw wspieraj\u0105ce rozw\u00f3j regionalnych specjalizacji oraz inteligentnych specjalizacji.<\/p><p>Numer projektu RPZP.01.05.00-32-T005\/21\/00.<\/p><p>Miejsce i spos\u00f3b sk\u0142adania ofert:<br \/>I. Ofert\u0119 nale\u017cy z\u0142o\u017cy\u0107 do dnia 04.03.2022 r. do godziny 15.00.<br \/>II. Miejsce sk\u0142adania ofert: ul. Nadmorska 3b, 76-107 Jezierzany.<\/p>\t\t\t\t\t\t\t\t<\/div>\n\t\t\t\t<\/div>\n\t\t\t\t<div class=\"elementor-element elementor-element-cf6982a elementor-widget elementor-widget-html\" data-id=\"cf6982a\" data-element_type=\"widget\" data-e-type=\"widget\" data-widget_type=\"html.default\">\n\t\t\t\t<div class=\"elementor-widget-container\">\n\t\t\t\t\t<p>\n    Pliki do pobrania:<br>\n    <a href=\"https:\/\/ostojamaltanska.pl\/wp-content\/uploads\/2022\/02\/031_W_Ogloszenie_Baza_Konkurencyjnosci_ver_3-poprawki-ab.asd_.docx\" target=\"_blank\">Og\u0142oszenie o zam\u00f3wieniu<\/a><br\/>\n    <a href=\"https:\/\/ostojamaltanska.pl\/wp-content\/uploads\/2022\/02\/032_Zalacznik-nr-1-do-Ogloszenia.docx\" target=\"_blank\">Za\u0142\u0105cznik nr 1 - formularz ofetowy<\/a><br\/>\n    <a href=\"https:\/\/ostojamaltanska.pl\/wp-content\/uploads\/2022\/02\/033_Zal.-nr-2-wykaz-uslug.doc\" target=\"_blank\">Za\u0142\u0105cznik nr 2 - wykaz us\u0142ug wykonanych<\/a><br\/>\n    <a href=\"https:\/\/ostojamaltanska.pl\/wp-content\/uploads\/2022\/02\/034_Umowa-zal.-do-ogloszenia.docx\" target=\"_blank\">Umowa<\/a><br\/>\n    <a href=\"https:\/\/ostojamaltanska.pl\/wp-content\/uploads\/2022\/02\/035_skan-kosztorys.pdf\" target=\"_blank\">Kosztorys<\/a><br\/>\n    <a href=\"https:\/\/ostojamaltanska.pl\/wp-content\/uploads\/2022\/02\/036_projekty.zip\" target=\"_blank\">Projekty<\/a>\n<\/p>\t\t\t\t<\/div>\n\t\t\t\t<\/div>\n\t\t\t\t<div class=\"elementor-element elementor-element-55988d0 elementor-widget-divider--view-line elementor-widget elementor-widget-divider\" data-id=\"55988d0\" data-element_type=\"widget\" data-e-type=\"widget\" data-widget_type=\"divider.default\">\n\t\t\t\t<div class=\"elementor-widget-container\">\n\t\t\t\t\t\t\t<div class=\"elementor-divider\">\n\t\t\t<span class=\"elementor-divider-separator\">\n\t\t\t\t\t\t<\/span>\n\t\t<\/div>\n\t\t\t\t\t\t<\/div>\n\t\t\t\t<\/div>\n\t\t\t\t\t<\/div>\n\t\t<\/div>\n\t\t\t\t\t<\/div>\n\t\t<\/section>\n\t\t\t\t<section class=\"elementor-section elementor-top-section elementor-element elementor-element-ec0eb01 elementor-section-boxed elementor-section-height-default elementor-section-height-default\" data-id=\"ec0eb01\" data-element_type=\"section\" data-e-type=\"section\">\n\t\t\t\t\t\t<div class=\"elementor-container elementor-column-gap-default\">\n\t\t\t\t\t<div class=\"elementor-column elementor-col-100 elementor-top-column elementor-element elementor-element-7e3ce60\" data-id=\"7e3ce60\" data-element_type=\"column\" data-e-type=\"column\">\n\t\t\t<div class=\"elementor-widget-wrap elementor-element-populated\">\n\t\t\t\t\t\t<div class=\"elementor-element elementor-element-9bc30bb elementor-widget elementor-widget-heading\" data-id=\"9bc30bb\" data-element_type=\"widget\" data-e-type=\"widget\" data-widget_type=\"heading.default\">\n\t\t\t\t<div class=\"elementor-widget-container\">\n\t\t\t\t\t<h4 class=\"elementor-heading-title elementor-size-default\">UATRAKCYJNIENIE OFERTY TURYSTYCZNEJ OSTOJA MALTA\u0143SKA \u2013 JACHT<\/h4>\t\t\t\t<\/div>\n\t\t\t\t<\/div>\n\t\t\t\t<div class=\"elementor-element elementor-element-65e4869 elementor-widget elementor-widget-html\" data-id=\"65e4869\" data-element_type=\"widget\" data-e-type=\"widget\" data-widget_type=\"html.default\">\n\t\t\t\t<div class=\"elementor-widget-container\">\n\t\t\t\t\t<p>\n    Pliki do pobrania:<br>\n    <a href=\"https:\/\/ostojamaltanska.pl\/wp-content\/uploads\/2023\/01\/Zapytanie-ofertowe-jacht.pdf\" target=\"_blank\">Og\u0142oszenie o zam\u00f3wieniu<\/a><br>\n    <a href=\"https:\/\/ostojamaltanska.pl\/wp-content\/uploads\/2023\/02\/protokol-wyboru.pdf\" target=\"_blank\">Protok\u00f3\u0142 wyboru oferty<\/a>\n<\/p>\t\t\t\t<\/div>\n\t\t\t\t<\/div>\n\t\t\t\t<div class=\"elementor-element elementor-element-d1f520a elementor-widget-divider--view-line elementor-widget elementor-widget-divider\" data-id=\"d1f520a\" data-element_type=\"widget\" data-e-type=\"widget\" data-widget_type=\"divider.default\">\n\t\t\t\t<div class=\"elementor-widget-container\">\n\t\t\t\t\t\t\t<div class=\"elementor-divider\">\n\t\t\t<span class=\"elementor-divider-separator\">\n\t\t\t\t\t\t<\/span>\n\t\t<\/div>\n\t\t\t\t\t\t<\/div>\n\t\t\t\t<\/div>\n\t\t\t\t\t<\/div>\n\t\t<\/div>\n\t\t\t\t\t<\/div>\n\t\t<\/section>\n\t\t\t\t<section class=\"elementor-section elementor-top-section elementor-element elementor-element-5903a75 elementor-section-boxed elementor-section-height-default elementor-section-height-default\" data-id=\"5903a75\" data-element_type=\"section\" data-e-type=\"section\">\n\t\t\t\t\t\t<div class=\"elementor-container elementor-column-gap-default\">\n\t\t\t\t\t<div class=\"elementor-column elementor-col-100 elementor-top-column elementor-element elementor-element-cea6721\" data-id=\"cea6721\" data-element_type=\"column\" data-e-type=\"column\">\n\t\t\t<div class=\"elementor-widget-wrap elementor-element-populated\">\n\t\t\t\t\t\t<div class=\"elementor-element elementor-element-2d229be elementor-widget elementor-widget-heading\" data-id=\"2d229be\" data-element_type=\"widget\" data-e-type=\"widget\" data-widget_type=\"heading.default\">\n\t\t\t\t<div class=\"elementor-widget-container\">\n\t\t\t\t\t<h4 class=\"elementor-heading-title elementor-size-default\">UATRAKCYJNIENIE OFERTY TURYSTYCZNEJ OSTOJA MALTA\u0143SKA \u2013 FOTOWOLTAIKA<\/h4>\t\t\t\t<\/div>\n\t\t\t\t<\/div>\n\t\t\t\t<div class=\"elementor-element elementor-element-0ca1eec elementor-widget elementor-widget-html\" data-id=\"0ca1eec\" data-element_type=\"widget\" data-e-type=\"widget\" data-widget_type=\"html.default\">\n\t\t\t\t<div class=\"elementor-widget-container\">\n\t\t\t\t\t<p>\n    Pliki do pobrania:<br>\n    <a href=\"https:\/\/ostojamaltanska.pl\/wp-content\/uploads\/2022\/08\/Zapytanie-ofertowe-fotowoltaika.pdf\" target=\"_blank\">Og\u0142oszenie o zam\u00f3wieniu<\/a>\n<\/p>\t\t\t\t<\/div>\n\t\t\t\t<\/div>\n\t\t\t\t<div class=\"elementor-element elementor-element-e0bc542 elementor-widget-divider--view-line elementor-widget elementor-widget-divider\" data-id=\"e0bc542\" data-element_type=\"widget\" data-e-type=\"widget\" data-widget_type=\"divider.default\">\n\t\t\t\t<div class=\"elementor-widget-container\">\n\t\t\t\t\t\t\t<div class=\"elementor-divider\">\n\t\t\t<span class=\"elementor-divider-separator\">\n\t\t\t\t\t\t<\/span>\n\t\t<\/div>\n\t\t\t\t\t\t<\/div>\n\t\t\t\t<\/div>\n\t\t\t\t\t<\/div>\n\t\t<\/div>\n\t\t\t\t\t<\/div>\n\t\t<\/section>\n\t\t\t\t<section class=\"elementor-section elementor-top-section elementor-element elementor-element-a97d066 elementor-section-boxed elementor-section-height-default elementor-section-height-default\" data-id=\"a97d066\" data-element_type=\"section\" data-e-type=\"section\">\n\t\t\t\t\t\t<div class=\"elementor-container elementor-column-gap-default\">\n\t\t\t\t\t<div class=\"elementor-column elementor-col-100 elementor-top-column elementor-element elementor-element-89cb99c\" data-id=\"89cb99c\" data-element_type=\"column\" data-e-type=\"column\">\n\t\t\t<div class=\"elementor-widget-wrap elementor-element-populated\">\n\t\t\t\t\t\t<div class=\"elementor-element elementor-element-aea05ef elementor-widget elementor-widget-heading\" data-id=\"aea05ef\" data-element_type=\"widget\" data-e-type=\"widget\" data-widget_type=\"heading.default\">\n\t\t\t\t<div class=\"elementor-widget-container\">\n\t\t\t\t\t<h4 class=\"elementor-heading-title elementor-size-default\">UATRAKCYJNIENIE OFERTY TURYSTYCZNEJ OSTOJA MALTA\u0143SKA - ZAKUP POJAZDU ELEKTRYCZNEGO TYPU MELEX<\/h4>\t\t\t\t<\/div>\n\t\t\t\t<\/div>\n\t\t\t\t<div class=\"elementor-element elementor-element-4af31e9 elementor-widget elementor-widget-html\" data-id=\"4af31e9\" data-element_type=\"widget\" data-e-type=\"widget\" data-widget_type=\"html.default\">\n\t\t\t\t<div class=\"elementor-widget-container\">\n\t\t\t\t\t<p>\n    Pliki do pobrania:<br>\n    <a href=\"https:\/\/ostojamaltanska.pl\/wp-content\/uploads\/2022\/07\/Zapytanie-ofertowe-melexy.pdf\" target=\"_blank\">Og\u0142oszenie o zam\u00f3wieniu<\/a>\n<\/p>\t\t\t\t<\/div>\n\t\t\t\t<\/div>\n\t\t\t\t<div class=\"elementor-element elementor-element-041df21 elementor-widget-divider--view-line elementor-widget elementor-widget-divider\" data-id=\"041df21\" data-element_type=\"widget\" data-e-type=\"widget\" data-widget_type=\"divider.default\">\n\t\t\t\t<div class=\"elementor-widget-container\">\n\t\t\t\t\t\t\t<div class=\"elementor-divider\">\n\t\t\t<span class=\"elementor-divider-separator\">\n\t\t\t\t\t\t<\/span>\n\t\t<\/div>\n\t\t\t\t\t\t<\/div>\n\t\t\t\t<\/div>\n\t\t\t\t\t<\/div>\n\t\t<\/div>\n\t\t\t\t\t<\/div>\n\t\t<\/section>\n\t\t\t\t<section class=\"elementor-section elementor-top-section elementor-element elementor-element-5deb5ba elementor-section-boxed elementor-section-height-default elementor-section-height-default\" data-id=\"5deb5ba\" data-element_type=\"section\" data-e-type=\"section\">\n\t\t\t\t\t\t<div class=\"elementor-container elementor-column-gap-default\">\n\t\t\t\t\t<div class=\"elementor-column elementor-col-100 elementor-top-column elementor-element elementor-element-d51d647\" data-id=\"d51d647\" data-element_type=\"column\" data-e-type=\"column\">\n\t\t\t<div class=\"elementor-widget-wrap elementor-element-populated\">\n\t\t\t\t\t\t<div class=\"elementor-element elementor-element-2b9b998 elementor-widget elementor-widget-heading\" data-id=\"2b9b998\" data-element_type=\"widget\" data-e-type=\"widget\" data-widget_type=\"heading.default\">\n\t\t\t\t<div class=\"elementor-widget-container\">\n\t\t\t\t\t<h4 class=\"elementor-heading-title elementor-size-default\">UATRAKCYJNIENIE OFERTY TURYSTYCZNEJ OSTOJA MALTA\u0143SKA - ZAKUP ROWER\u00d3W ELEKTRYCZNYCH (HYBRYDOWYCH) , \u0141AWKI SOLARNEJ<\/h4>\t\t\t\t<\/div>\n\t\t\t\t<\/div>\n\t\t\t\t<div class=\"elementor-element elementor-element-95e502c elementor-widget elementor-widget-html\" data-id=\"95e502c\" data-element_type=\"widget\" data-e-type=\"widget\" data-widget_type=\"html.default\">\n\t\t\t\t<div class=\"elementor-widget-container\">\n\t\t\t\t\t<p>\n    Pliki do pobrania:<br>\n    <a href=\"https:\/\/ostojamaltanska.pl\/wp-content\/uploads\/2022\/08\/Zapytanie-ofertowe-rowery-lawka.pdf\" target=\"_blank\">Og\u0142oszenie o zam\u00f3wieniu<\/a>\n<\/p>\t\t\t\t<\/div>\n\t\t\t\t<\/div>\n\t\t\t\t<div class=\"elementor-element elementor-element-d900531 elementor-widget-divider--view-line elementor-widget elementor-widget-divider\" data-id=\"d900531\" data-element_type=\"widget\" data-e-type=\"widget\" data-widget_type=\"divider.default\">\n\t\t\t\t<div class=\"elementor-widget-container\">\n\t\t\t\t\t\t\t<div class=\"elementor-divider\">\n\t\t\t<span class=\"elementor-divider-separator\">\n\t\t\t\t\t\t<\/span>\n\t\t<\/div>\n\t\t\t\t\t\t<\/div>\n\t\t\t\t<\/div>\n\t\t\t\t\t<\/div>\n\t\t<\/div>\n\t\t\t\t\t<\/div>\n\t\t<\/section>\n\t\t\t\t<section class=\"elementor-section elementor-top-section elementor-element elementor-element-a747fc6 elementor-section-boxed elementor-section-height-default elementor-section-height-default\" data-id=\"a747fc6\" data-element_type=\"section\" data-e-type=\"section\">\n\t\t\t\t\t\t<div class=\"elementor-container elementor-column-gap-default\">\n\t\t\t\t\t<div class=\"elementor-column elementor-col-100 elementor-top-column elementor-element elementor-element-7216fd4\" data-id=\"7216fd4\" data-element_type=\"column\" data-e-type=\"column\">\n\t\t\t<div class=\"elementor-widget-wrap elementor-element-populated\">\n\t\t\t\t\t\t<div class=\"elementor-element elementor-element-111f66c elementor-widget elementor-widget-heading\" data-id=\"111f66c\" data-element_type=\"widget\" data-e-type=\"widget\" data-widget_type=\"heading.default\">\n\t\t\t\t<div class=\"elementor-widget-container\">\n\t\t\t\t\t<h4 class=\"elementor-heading-title elementor-size-default\">UATRAKCYJNIENIE OFERTY TURYSTYCZNEJ OSTOJA MALTA\u0143SKA - GROTA SOLNA, GROTA BURSZTYNOWA, \u0141A\u0179NIA PAROWA<\/h4>\t\t\t\t<\/div>\n\t\t\t\t<\/div>\n\t\t\t\t<div class=\"elementor-element elementor-element-001d859 elementor-widget elementor-widget-html\" data-id=\"001d859\" data-element_type=\"widget\" data-e-type=\"widget\" data-widget_type=\"html.default\">\n\t\t\t\t<div class=\"elementor-widget-container\">\n\t\t\t\t\t<p>\n    Pliki do pobrania:<br>\n    <a href=\"https:\/\/ostojamaltanska.pl\/wp-content\/uploads\/2023\/04\/zapytanie_ofertowe_grota_solna.pdf\" target=\"_blank\">Og\u0142oszenie o zam\u00f3wieniu<\/a><br\/>\n    <a href=\"https:\/\/ostojamaltanska.pl\/wp-content\/uploads\/2022\/08\/formularz-ofertowy-groty.pdf\" target=\"_blank\">Za\u0142\u0105cznik nr 1 - formularz ofertowy<\/a><br\/>\n    <a href=\"https:\/\/ostojamaltanska.pl\/wp-content\/uploads\/2022\/08\/zalacznik-nr-2-groty.pdf\" target=\"_blank\">Za\u0142\u0105cznik nr 2 - wykaz us\u0142ug wykonanych<\/a><br\/>\n    <a href=\"https:\/\/ostojamaltanska.pl\/wp-content\/uploads\/2022\/08\/umowa-groty.pdf\" target=\"_blank\">Umowa<\/a><br\/>\n    <a href=\"https:\/\/ostojamaltanska.pl\/wp-content\/uploads\/2022\/08\/dokumentacja-techniczna-groty.pdf\" target=\"_blank\">Dokumentacja techniczna<\/a>\n<\/p>\n<\/p>\t\t\t\t<\/div>\n\t\t\t\t<\/div>\n\t\t\t\t\t<\/div>\n\t\t<\/div>\n\t\t\t\t\t<\/div>\n\t\t<\/section>\n\t\t\t\t<\/div>","protected":false},"excerpt":{"rendered":"<p>Fundusze Europejskie czytaj wi\u0119cej UATRAKCYJNIENIE OFERTY TURYSTYCZNEJ OSTOJA MALTA\u0143SKA \u2013 BUDOWA OBIEKTU GASTRONOMICZNEGO Pliki do pobrania: Og\u0142oszenie o zam\u00f3wieniu Umowa Przedmiar prac Za\u0142\u0105cznik nr 1 &#8211; formularz ofertowy Za\u0142\u0105cznik nr 2 &#8211; wykaz us\u0142ug Projekt budowlany Klauzula RODO Protok\u00f3\u0142 post\u0119powania UATRAKCYJNIENIE OFERTY TURYSTYCZNEJ OSTOJA MALTA\u0143SKA \u2013 ZADASZENIE BASENU WRAZ Z POMP\u0104 CIEP\u0141A Post\u0119powanie jest prowadzone [&hellip;]<\/p>\n","protected":false},"author":1,"featured_media":0,"parent":0,"menu_order":0,"comment_status":"closed","ping_status":"closed","template":"","meta":{"site-sidebar-layout":"no-sidebar","site-content-layout":"page-builder","ast-site-content-layout":"default","site-content-style":"default","site-sidebar-style":"default","ast-global-header-display":"","ast-banner-title-visibility":"","ast-main-header-display":"","ast-hfb-above-header-display":"","ast-hfb-below-header-display":"","ast-hfb-mobile-header-display":"","site-post-title":"disabled","ast-breadcrumbs-content":"","ast-featured-img":"disabled","footer-sml-layout":"","ast-disable-related-posts":"","theme-transparent-header-meta":"enabled","adv-header-id-meta":"","stick-header-meta":"","header-above-stick-meta":"","header-main-stick-meta":"","header-below-stick-meta":"","astra-migrate-meta-layouts":"default","ast-page-background-enabled":"default","ast-page-background-meta":{"desktop":{"background-color":"","background-image":"","background-repeat":"repeat","background-position":"center center","background-size":"auto","background-attachment":"scroll","background-type":"","background-media":"","overlay-type":"","overlay-color":"","overlay-opacity":"","overlay-gradient":""},"tablet":{"background-color":"","background-image":"","background-repeat":"repeat","background-position":"center center","background-size":"auto","background-attachment":"scroll","background-type":"","background-media":"","overlay-type":"","overlay-color":"","overlay-opacity":"","overlay-gradient":""},"mobile":{"background-color":"","background-image":"","background-repeat":"repeat","background-position":"center center","background-size":"auto","background-attachment":"scroll","background-type":"","background-media":"","overlay-type":"","overlay-color":"","overlay-opacity":"","overlay-gradient":""}},"ast-content-background-meta":{"desktop":{"background-color":"var(--ast-global-color-5)","background-image":"","background-repeat":"repeat","background-position":"center center","background-size":"auto","background-attachment":"scroll","background-type":"","background-media":"","overlay-type":"","overlay-color":"","overlay-opacity":"","overlay-gradient":""},"tablet":{"background-color":"var(--ast-global-color-5)","background-image":"","background-repeat":"repeat","background-position":"center center","background-size":"auto","background-attachment":"scroll","background-type":"","background-media":"","overlay-type":"","overlay-color":"","overlay-opacity":"","overlay-gradient":""},"mobile":{"background-color":"var(--ast-global-color-5)","background-image":"","background-repeat":"repeat","background-position":"center center","background-size":"auto","background-attachment":"scroll","background-type":"","background-media":"","overlay-type":"","overlay-color":"","overlay-opacity":"","overlay-gradient":""}},"footnotes":""},"class_list":["post-1138","page","type-page","status-publish","hentry"],"aioseo_notices":[],"_links":{"self":[{"href":"https:\/\/ostojamaltanska.pl\/de\/wp-json\/wp\/v2\/pages\/1138","targetHints":{"allow":["GET"]}}],"collection":[{"href":"https:\/\/ostojamaltanska.pl\/de\/wp-json\/wp\/v2\/pages"}],"about":[{"href":"https:\/\/ostojamaltanska.pl\/de\/wp-json\/wp\/v2\/types\/page"}],"author":[{"embeddable":true,"href":"https:\/\/ostojamaltanska.pl\/de\/wp-json\/wp\/v2\/users\/1"}],"replies":[{"embeddable":true,"href":"https:\/\/ostojamaltanska.pl\/de\/wp-json\/wp\/v2\/comments?post=1138"}],"version-history":[{"count":4,"href":"https:\/\/ostojamaltanska.pl\/de\/wp-json\/wp\/v2\/pages\/1138\/revisions"}],"predecessor-version":[{"id":1982,"href":"https:\/\/ostojamaltanska.pl\/de\/wp-json\/wp\/v2\/pages\/1138\/revisions\/1982"}],"wp:attachment":[{"href":"https:\/\/ostojamaltanska.pl\/de\/wp-json\/wp\/v2\/media?parent=1138"}],"curies":[{"name":"wp","href":"https:\/\/api.w.org\/{rel}","templated":true}]}}